{"id":607,"date":"2024-02-13T10:35:57","date_gmt":"2024-02-13T10:35:57","guid":{"rendered":"https:\/\/hotelit.southvision.de\/kontakt\/"},"modified":"2025-05-23T07:17:04","modified_gmt":"2025-05-23T07:17:04","slug":"contact","status":"publish","type":"page","link":"https:\/\/hotelit.digital\/en\/contact\/","title":{"rendered":"Contact"},"content":{"rendered":"\t<section class=\"block-1-vollbreites-bild\" style=\" padding-top: rem; padding-bottom: rem;\">\n\t\t\t\t<div class=\"heroSliderWrap\">\n\t\t\t\t\t\t\t\t\t\t\t\t\t<div class=\"innerWrap\" style=\"height:54rem; background-image: url('https:\/\/hotelit.digital\/wp-content\/uploads\/2024\/02\/contact-2860030_1920.jpg');; background-position-x: 50%; background-position-y: 50%;\">\n\t\t\t\t\t<\/div>\n\t\t\t\t\t\t<\/div>\n\t<\/div>\n\n\n\t<section class=\"block-2-freier-text\" style=\" padding-top: rem; padding-bottom: rem;\">\n\t\t\t\t<div class=\"container\">\n\t\t\t\t\t\t\t\t\t<div class=\"textWrap\">\n\t\t\t\t\t\t\t<h1>Contact<\/h1>\n\t\t\t\t\t\t<\/div>\n\t\t\t\t\n\t\t<\/div>\n\t<\/section>\n\n\n\t<section class=\"block-2-freier-text greyBack\" style=\" padding-top: rem; padding-bottom: rem;\">\n\t\t\t\t<div class=\"container\">\n\t\t\t\t\t\t\t<div class=\"row\">\n\t\t\t\t\t<div class=\"col-xs-12 col-md-8\">\n\t\t\t\t\t\t\t\t\t<div class=\"textWrap\">\n\t\t\t\t\t\t\t<style id=\"wpforms-css-vars-421\">\n\t\t\t\t#wpforms-421 {\n\t\t\t\t\n\t\t\t}\n\t\t\t<\/style><div class=\"wpforms-container wpforms-container-full wpforms-render-modern\" id=\"wpforms-421\"><form id=\"wpforms-form-421\" class=\"wpforms-validate wpforms-form wpforms-ajax-form\" data-formid=\"421\" method=\"post\" enctype=\"multipart\/form-data\" action=\"\/en\/wp-json\/wp\/v2\/pages\/607\" data-token=\"f0c2833185b45505e15c4db8b3045dbe\" data-token-time=\"1775244315\"><noscript class=\"wpforms-error-noscript\">Please enable JavaScript in your browser to complete this form.<\/noscript><div id=\"wpforms-error-noscript\" style=\"display: none;\">Please enable JavaScript in your browser to complete this form.<\/div><div class=\"wpforms-field-container\">\t\t<div id=\"wpforms-421-field_4-container\"\n\t\t\tclass=\"wpforms-field wpforms-field-text\"\n\t\t\tdata-field-type=\"text\"\n\t\t\tdata-field-id=\"4\"\n\t\t\t>\n\t\t\t<label class=\"wpforms-field-label\" for=\"wpforms-421-field_4\" >die auf Vorname<\/label>\n\t\t\t<input type=\"text\" id=\"wpforms-421-field_4\" class=\"wpforms-field-medium\" name=\"wpforms[fields][4]\" >\n\t\t<\/div>\n\t\t<div id=\"wpforms-421-field_1-container\" class=\"wpforms-field wpforms-field-text wpforms-one-half wpforms-first\" data-field-id=\"1\"><label class=\"wpforms-field-label\" for=\"wpforms-421-field_1\">Vorname <span class=\"wpforms-required-label\" aria-hidden=\"true\">*<\/span><\/label><input type=\"text\" id=\"wpforms-421-field_1\" class=\"wpforms-field-medium wpforms-field-required\" name=\"wpforms[fields][1]\" aria-errormessage=\"wpforms-421-field_1-error\" required><\/div><div id=\"wpforms-421-field_2-container\" class=\"wpforms-field wpforms-field-text wpforms-one-half\" data-field-id=\"2\"><label class=\"wpforms-field-label\" for=\"wpforms-421-field_2\">Nachname <span class=\"wpforms-required-label\" aria-hidden=\"true\">*<\/span><\/label><input type=\"text\" id=\"wpforms-421-field_2\" class=\"wpforms-field-medium wpforms-field-required\" name=\"wpforms[fields][2]\" aria-errormessage=\"wpforms-421-field_2-error\" required><\/div><div id=\"wpforms-421-field_13-container\" class=\"wpforms-field wpforms-field-text wpforms-one-half wpforms-first\" data-field-id=\"13\"><label class=\"wpforms-field-label\" for=\"wpforms-421-field_13\">Name des Objekts (Gruppe\/Betrieb) <span class=\"wpforms-required-label\" aria-hidden=\"true\">*<\/span><\/label><input type=\"text\" id=\"wpforms-421-field_13\" class=\"wpforms-field-medium wpforms-field-required\" name=\"wpforms[fields][13]\" aria-errormessage=\"wpforms-421-field_13-error\" required><\/div><div id=\"wpforms-421-field_3-container\" class=\"wpforms-field wpforms-field-email\" data-field-id=\"3\"><label class=\"wpforms-field-label\" for=\"wpforms-421-field_3\">E-Mail-Adresse <span class=\"wpforms-required-label\" aria-hidden=\"true\">*<\/span><\/label><input type=\"email\" id=\"wpforms-421-field_3\" class=\"wpforms-field-medium wpforms-field-required\" name=\"wpforms[fields][3]\" spellcheck=\"false\" aria-errormessage=\"wpforms-421-field_3-error\" required><\/div><div id=\"wpforms-421-field_7-container\" class=\"wpforms-field wpforms-field-textarea\" data-field-id=\"7\"><label class=\"wpforms-field-label\" for=\"wpforms-421-field_7\">M\u00f6chten Sie uns noch etwas mitteilen damit wir uns bestm\u00f6glich auf die Beratung vorbereiten k\u00f6nnen?<\/label><textarea id=\"wpforms-421-field_7\" class=\"wpforms-field-medium\" name=\"wpforms[fields][7]\" aria-errormessage=\"wpforms-421-field_7-error\" ><\/textarea><\/div><script>\n\t\t\t\t( function() {\n\t\t\t\t\tconst style = document.createElement( 'style' );\n\t\t\t\t\tstyle.appendChild( document.createTextNode( '#wpforms-421-field_4-container { position: absolute !important; overflow: hidden !important; display: inline !important; height: 1px !important; width: 1px !important; z-index: -1000 !important; padding: 0 !important; } #wpforms-421-field_4-container input { visibility: hidden; } #wpforms-conversational-form-page #wpforms-421-field_4-container label { counter-increment: none; }' ) );\n\t\t\t\t\tdocument.head.appendChild( style );\n\t\t\t\t\tdocument.currentScript?.remove();\n\t\t\t\t} )();\n\t\t\t<\/script><\/div><!-- .wpforms-field-container --><div class=\"wpforms-submit-container\" ><input type=\"hidden\" name=\"wpforms[id]\" value=\"421\"><input type=\"hidden\" name=\"page_title\" value=\"\"><input type=\"hidden\" name=\"page_url\" value=\"https:\/\/hotelit.digital\/en\/wp-json\/wp\/v2\/pages\/607\"><input type=\"hidden\" name=\"url_referer\" value=\"\"><button type=\"submit\" name=\"wpforms[submit]\" id=\"wpforms-submit-421\" class=\"wpforms-submit\" data-alt-text=\"Wird gesendet\u00a0\u2026\" data-submit-text=\"Absenden\" aria-live=\"assertive\" value=\"wpforms-submit\">Absenden<\/button><img loading=\"lazy\" decoding=\"async\" src=\"https:\/\/hotelit.digital\/wp-content\/plugins\/wpforms-lite\/assets\/images\/submit-spin.svg\" class=\"wpforms-submit-spinner\" style=\"display: none;\" width=\"26\" height=\"26\" alt=\"Loading\"><\/div><\/form><\/div>  <!-- .wpforms-container -->\n\t\t\t\t\t\t<\/div>\n\t\t\t\t\t\t\t\t<\/div>\n\t\t\t\t<\/div>\t\n\t\t\t\t\n\t\t<\/div>\n\t<\/section>\n","protected":false},"excerpt":{"rendered":"","protected":false},"author":1,"featured_media":0,"parent":0,"menu_order":0,"comment_status":"closed","ping_status":"closed","template":"","meta":{"_acf_changed":false,"inline_featured_image":false,"footnotes":""},"class_list":["post-607","page","type-page","status-publish","hentry"],"acf":[],"yoast_head":"<!-- This site is optimized with the Yoast SEO plugin v26.8 - https:\/\/yoast.com\/product\/yoast-seo-wordpress\/ -->\n<title>Contact us now - Hotel IT<\/title>\n<meta name=\"description\" content=\"Get in touch with our Hotel IT team \u2705 We look forward to receiving your inquiry by email, phone or contact form.\" \/>\n<meta name=\"robots\" content=\"noindex, follow\" \/>\n<meta property=\"og:locale\" content=\"en_US\" \/>\n<meta property=\"og:type\" content=\"article\" \/>\n<meta property=\"og:title\" content=\"Contact us now - Hotel IT\" \/>\n<meta property=\"og:description\" content=\"Get in touch with our Hotel IT team \u2705 We look forward to receiving your inquiry by email, phone or contact form.\" \/>\n<meta property=\"og:url\" content=\"https:\/\/hotelit.digital\/en\/contact\/\" \/>\n<meta property=\"og:site_name\" content=\"Hotel IT\" \/>\n<meta property=\"article:modified_time\" content=\"2025-05-23T07:17:04+00:00\" \/>\n<meta name=\"twitter:card\" content=\"summary_large_image\" \/>\n<script type=\"application\/ld+json\" class=\"yoast-schema-graph\">{\"@context\":\"https:\/\/schema.org\",\"@graph\":[{\"@type\":\"WebPage\",\"@id\":\"https:\/\/hotelit.digital\/en\/contact\/\",\"url\":\"https:\/\/hotelit.digital\/en\/contact\/\",\"name\":\"Contact us now - Hotel IT\",\"isPartOf\":{\"@id\":\"https:\/\/hotelit.digital\/#website\"},\"datePublished\":\"2024-02-13T10:35:57+00:00\",\"dateModified\":\"2025-05-23T07:17:04+00:00\",\"description\":\"Get in touch with our Hotel IT team \u2705 We look forward to receiving your inquiry by email, phone or contact form.\",\"breadcrumb\":{\"@id\":\"https:\/\/hotelit.digital\/en\/contact\/#breadcrumb\"},\"inLanguage\":\"en-US\",\"potentialAction\":[{\"@type\":\"ReadAction\",\"target\":[\"https:\/\/hotelit.digital\/en\/contact\/\"]}]},{\"@type\":\"BreadcrumbList\",\"@id\":\"https:\/\/hotelit.digital\/en\/contact\/#breadcrumb\",\"itemListElement\":[{\"@type\":\"ListItem\",\"position\":1,\"name\":\"Startseite\",\"item\":\"https:\/\/hotelit.digital\/en\/\"},{\"@type\":\"ListItem\",\"position\":2,\"name\":\"Contact\"}]},{\"@type\":\"WebSite\",\"@id\":\"https:\/\/hotelit.digital\/#website\",\"url\":\"https:\/\/hotelit.digital\/\",\"name\":\"Hotel IT\",\"description\":\"\",\"publisher\":{\"@id\":\"https:\/\/hotelit.digital\/#organization\"},\"potentialAction\":[{\"@type\":\"SearchAction\",\"target\":{\"@type\":\"EntryPoint\",\"urlTemplate\":\"https:\/\/hotelit.digital\/?s={search_term_string}\"},\"query-input\":{\"@type\":\"PropertyValueSpecification\",\"valueRequired\":true,\"valueName\":\"search_term_string\"}}],\"inLanguage\":\"en-US\"},{\"@type\":\"Organization\",\"@id\":\"https:\/\/hotelit.digital\/#organization\",\"name\":\"Hotel IT\",\"url\":\"https:\/\/hotelit.digital\/\",\"logo\":{\"@type\":\"ImageObject\",\"inLanguage\":\"en-US\",\"@id\":\"https:\/\/hotelit.digital\/#\/schema\/logo\/image\/\",\"url\":\"https:\/\/hotelit.digital\/wp-content\/uploads\/2024\/03\/HotelIT_Logo_mitByline_240306_RGB-1.png\",\"contentUrl\":\"https:\/\/hotelit.digital\/wp-content\/uploads\/2024\/03\/HotelIT_Logo_mitByline_240306_RGB-1.png\",\"width\":2481,\"height\":1134,\"caption\":\"Hotel IT\"},\"image\":{\"@id\":\"https:\/\/hotelit.digital\/#\/schema\/logo\/image\/\"},\"sameAs\":[\"https:\/\/www.linkedin.com\/company\/102241024\/admin\/dashboard\/\"]}]}<\/script>\n<!-- \/ Yoast SEO plugin. -->","yoast_head_json":{"title":"Contact us now - Hotel IT","description":"Get in touch with our Hotel IT team \u2705 We look forward to receiving your inquiry by email, phone or contact form.","robots":{"index":"noindex","follow":"follow"},"og_locale":"en_US","og_type":"article","og_title":"Contact us now - Hotel IT","og_description":"Get in touch with our Hotel IT team \u2705 We look forward to receiving your inquiry by email, phone or contact form.","og_url":"https:\/\/hotelit.digital\/en\/contact\/","og_site_name":"Hotel IT","article_modified_time":"2025-05-23T07:17:04+00:00","twitter_card":"summary_large_image","schema":{"@context":"https:\/\/schema.org","@graph":[{"@type":"WebPage","@id":"https:\/\/hotelit.digital\/en\/contact\/","url":"https:\/\/hotelit.digital\/en\/contact\/","name":"Contact us now - Hotel IT","isPartOf":{"@id":"https:\/\/hotelit.digital\/#website"},"datePublished":"2024-02-13T10:35:57+00:00","dateModified":"2025-05-23T07:17:04+00:00","description":"Get in touch with our Hotel IT team \u2705 We look forward to receiving your inquiry by email, phone or contact form.","breadcrumb":{"@id":"https:\/\/hotelit.digital\/en\/contact\/#breadcrumb"},"inLanguage":"en-US","potentialAction":[{"@type":"ReadAction","target":["https:\/\/hotelit.digital\/en\/contact\/"]}]},{"@type":"BreadcrumbList","@id":"https:\/\/hotelit.digital\/en\/contact\/#breadcrumb","itemListElement":[{"@type":"ListItem","position":1,"name":"Startseite","item":"https:\/\/hotelit.digital\/en\/"},{"@type":"ListItem","position":2,"name":"Contact"}]},{"@type":"WebSite","@id":"https:\/\/hotelit.digital\/#website","url":"https:\/\/hotelit.digital\/","name":"Hotel IT","description":"","publisher":{"@id":"https:\/\/hotelit.digital\/#organization"},"potentialAction":[{"@type":"SearchAction","target":{"@type":"EntryPoint","urlTemplate":"https:\/\/hotelit.digital\/?s={search_term_string}"},"query-input":{"@type":"PropertyValueSpecification","valueRequired":true,"valueName":"search_term_string"}}],"inLanguage":"en-US"},{"@type":"Organization","@id":"https:\/\/hotelit.digital\/#organization","name":"Hotel IT","url":"https:\/\/hotelit.digital\/","logo":{"@type":"ImageObject","inLanguage":"en-US","@id":"https:\/\/hotelit.digital\/#\/schema\/logo\/image\/","url":"https:\/\/hotelit.digital\/wp-content\/uploads\/2024\/03\/HotelIT_Logo_mitByline_240306_RGB-1.png","contentUrl":"https:\/\/hotelit.digital\/wp-content\/uploads\/2024\/03\/HotelIT_Logo_mitByline_240306_RGB-1.png","width":2481,"height":1134,"caption":"Hotel IT"},"image":{"@id":"https:\/\/hotelit.digital\/#\/schema\/logo\/image\/"},"sameAs":["https:\/\/www.linkedin.com\/company\/102241024\/admin\/dashboard\/"]}]}},"_links":{"self":[{"href":"https:\/\/hotelit.digital\/en\/wp-json\/wp\/v2\/pages\/607","targetHints":{"allow":["GET"]}}],"collection":[{"href":"https:\/\/hotelit.digital\/en\/wp-json\/wp\/v2\/pages"}],"about":[{"href":"https:\/\/hotelit.digital\/en\/wp-json\/wp\/v2\/types\/page"}],"author":[{"embeddable":true,"href":"https:\/\/hotelit.digital\/en\/wp-json\/wp\/v2\/users\/1"}],"replies":[{"embeddable":true,"href":"https:\/\/hotelit.digital\/en\/wp-json\/wp\/v2\/comments?post=607"}],"version-history":[{"count":2,"href":"https:\/\/hotelit.digital\/en\/wp-json\/wp\/v2\/pages\/607\/revisions"}],"predecessor-version":[{"id":614,"href":"https:\/\/hotelit.digital\/en\/wp-json\/wp\/v2\/pages\/607\/revisions\/614"}],"wp:attachment":[{"href":"https:\/\/hotelit.digital\/en\/wp-json\/wp\/v2\/media?parent=607"}],"curies":[{"name":"wp","href":"https:\/\/api.w.org\/{rel}","templated":true}]}}